{"id":1199,"date":"2021-02-05T05:53:17","date_gmt":"2021-02-05T05:53:17","guid":{"rendered":"http:\/\/fococapacitacion.com\/web2021\/?page_id=1199"},"modified":"2021-02-05T05:56:52","modified_gmt":"2021-02-05T05:56:52","slug":"cancelacion","status":"publish","type":"page","link":"http:\/\/fococapacitacion.com\/web2021\/cancelacion\/","title":{"rendered":"Cancelaci\u00f3n"},"content":{"rendered":"<p>[vc_row full_height=&#8221;yes&#8221; dt_text_scheme=&#8221;darker-overlay&#8221; dt_no_mb=&#8221;no-margin&#8221; bg_image=&#8221;1127&#8243; bg_color=&#8221;#000000&#8243; dt_color_opacity=&#8221;96&#8243; dt_padding_top=&#8221;100&#8243; dt_padding_bottom=&#8221;100&#8243; dt_id=&#8221;contact&#8221; dt_class=&#8221;inscripcion&#8221;][vc_column][vc_row_inner][vc_column_inner]<div style=\"clear:both; width:100%; height:90px\"><\/div><div class=\"dt-title-wrapper\"><h1 class=\"section-title\">Pol\u00edtica de Cancelaci\u00f3n<\/h1><\/div><h2 class=\"section-tagline\">Hasta 72hs. antes por escrito<\/h2><div style=\"clear:both; width:100%; height:60px\"><\/div>[vc_column_text]Las cancelaciones de inscripciones por parte del cliente s\u00f3lo se aceptar\u00e1n hasta 72 horas antes del d\u00eda del evento <strong>por escrito<\/strong>. Solo cancelando dentro de ese plazo el dinero abonado se tomar\u00e1 como cr\u00e9dito para futuras fechas.<\/p>\n<p><strong>FOCO podr\u00e1 reprogramar la actividad hasta 36 horas antes, pudiendo en este caso asistir a la siguiente fecha o dejar el importe a cr\u00e9dito sin vencimiento para asistir en otras fechas.<\/strong>[\/vc_column_text][\/vc_column_inner][\/vc_row_inner][\/vc_column][\/vc_row]<\/p>\n","protected":false},"excerpt":{"rendered":"<p>[vc_row full_height=&#8221;yes&#8221; dt_text_scheme=&#8221;darker-overlay&#8221; dt_no_mb=&#8221;no-margin&#8221; bg_image=&#8221;1127&#8243; bg_color=&#8221;#000000&#8243; dt_color_opacity=&#8221;96&#8243; dt_padding_top=&#8221;100&#8243; dt_padding_bottom=&#8221;100&#8243; dt_id=&#8221;contact&#8221; dt_class=&#8221;inscripcion&#8221;][vc_column][vc_row_inner][vc_column_inner][vc_column_text]Las cancelaciones de inscripciones por parte del cliente s\u00f3lo se aceptar\u00e1n hasta 72 horas antes&#8230;<\/p>\n<p class=\"readmore\"><a class=\"more-btn\" href=\"http:\/\/fococapacitacion.com\/web2021\/cancelacion\/\">Read More<\/a><\/p>\n","protected":false},"author":1,"featured_media":0,"parent":0,"menu_order":0,"comment_status":"closed","ping_status":"closed","template":"template-homepage.php","meta":{"_EventAllDay":false,"_EventTimezone":"","_EventStartDate":"","_EventEndDate":"","_EventStartDateUTC":"","_EventEndDateUTC":"","_EventShowMap":false,"_EventShowMapLink":false,"_EventURL":"","_EventCost":"","_EventCostDescription":"","_EventCurrencySymbol":"","_EventCurrencyCode":"","_EventCurrencyPosition":"","_EventDateTimeSeparator":"","_EventTimeRangeSeparator":"","_EventOrganizerID":[],"_EventVenueID":[],"_OrganizerEmail":"","_OrganizerPhone":"","_OrganizerWebsite":"","_VenueAddress":"","_VenueCity":"","_VenueCountry":"","_VenueProvince":"","_VenueState":"","_VenueZip":"","_VenuePhone":"","_VenueURL":"","_VenueStateProvince":"","_VenueLat":"","_VenueLng":"","_VenueShowMap":false,"_VenueShowMapLink":false,"footnotes":""},"class_list":["post-1199","page","type-page","status-publish","hentry"],"_links":{"self":[{"href":"http:\/\/fococapacitacion.com\/web2021\/wp-json\/wp\/v2\/pages\/1199","targetHints":{"allow":["GET"]}}],"collection":[{"href":"http:\/\/fococapacitacion.com\/web2021\/wp-json\/wp\/v2\/pages"}],"about":[{"href":"http:\/\/fococapacitacion.com\/web2021\/wp-json\/wp\/v2\/types\/page"}],"author":[{"embeddable":true,"href":"http:\/\/fococapacitacion.com\/web2021\/wp-json\/wp\/v2\/users\/1"}],"replies":[{"embeddable":true,"href":"http:\/\/fococapacitacion.com\/web2021\/wp-json\/wp\/v2\/comments?post=1199"}],"version-history":[{"count":2,"href":"http:\/\/fococapacitacion.com\/web2021\/wp-json\/wp\/v2\/pages\/1199\/revisions"}],"predecessor-version":[{"id":1201,"href":"http:\/\/fococapacitacion.com\/web2021\/wp-json\/wp\/v2\/pages\/1199\/revisions\/1201"}],"wp:attachment":[{"href":"http:\/\/fococapacitacion.com\/web2021\/wp-json\/wp\/v2\/media?parent=1199"}],"curies":[{"name":"wp","href":"https:\/\/api.w.org\/{rel}","templated":true}]}}